{"id":103,"date":"2023-06-05T13:34:45","date_gmt":"2023-06-05T11:34:45","guid":{"rendered":"http:\/\/kyokushinds.hr\/?page_id=103"},"modified":"2025-07-18T09:05:42","modified_gmt":"2025-07-18T07:05:42","slug":"nova-dogadanja","status":"publish","type":"page","link":"https:\/\/kyokushinds.hr\/","title":{"rendered":"Najnovije"},"content":{"rendered":"\n\n\n\n<p><\/p>\n\n\n<ul class=\"wp-block-latest-posts__list wp-block-latest-posts\"><li><div class=\"wp-block-latest-posts__featured-image alignleft\"><a href=\"https:\/\/kyokushinds.hr\/index.php\/2026\/04\/11\/aquae-iasae-cup\/\" aria-label=\"AQUAE IASAE CUP\"><img loading=\"lazy\" decoding=\"async\" width=\"300\" height=\"169\" src=\"https:\/\/kyokushinds.hr\/wp-content\/uploads\/2026\/04\/668971689_925688643666936_7901416826339479839_n-300x169.jpg\" class=\"attachment-medium size-medium wp-post-image\" alt=\"\" style=\"max-width:300px;max-height:300px;\" srcset=\"https:\/\/kyokushinds.hr\/wp-content\/uploads\/2026\/04\/668971689_925688643666936_7901416826339479839_n-300x169.jpg 300w, https:\/\/kyokushinds.hr\/wp-content\/uploads\/2026\/04\/668971689_925688643666936_7901416826339479839_n-1024x577.jpg 1024w, https:\/\/kyokushinds.hr\/wp-content\/uploads\/2026\/04\/668971689_925688643666936_7901416826339479839_n-768x433.jpg 768w, https:\/\/kyokushinds.hr\/wp-content\/uploads\/2026\/04\/668971689_925688643666936_7901416826339479839_n.jpg 1440w\" sizes=\"auto, (max-width: 300px) 100vw, 300px\" \/><\/a><\/div><a class=\"wp-block-latest-posts__post-title\" href=\"https:\/\/kyokushinds.hr\/index.php\/2026\/04\/11\/aquae-iasae-cup\/\">AQUAE IASAE CUP<\/a><div class=\"wp-block-latest-posts__post-excerpt\">U subotu, 11. travnja 2026. godine odr\u017eao se ,,Aquae Iasae Cup\u201d u Vara\u017edinskim Toplicama koji se boduje za Prvenstvo Hrvatske. Na turniru je nastupilo oko 60 natjecatelja iz nekoliko hrvatskih klubova, a me\u0111u njima je bio i na\u0161 klub. Rezultati u borbama su sljede\u0107i: Helena Marelja, Paola Budek i Juraj Kramer osvojili su 1. mjesto.\u2026 <a class=\"wp-block-latest-posts__read-more\" href=\"https:\/\/kyokushinds.hr\/index.php\/2026\/04\/11\/aquae-iasae-cup\/\" rel=\"noopener noreferrer\">Pro\u010ditaj vi\u0161e<span class=\"screen-reader-text\">: AQUAE IASAE CUP<\/span><\/a><\/div><\/li>\n<li><div class=\"wp-block-latest-posts__featured-image alignleft\"><a href=\"https:\/\/kyokushinds.hr\/index.php\/2026\/04\/09\/sudacki-seminar-u-varazdinskim-toplicama\/\" aria-label=\"Suda\u010dki seminar u Vara\u017edinskim Toplicama\"><img loading=\"lazy\" decoding=\"async\" width=\"300\" height=\"225\" src=\"https:\/\/kyokushinds.hr\/wp-content\/uploads\/2026\/04\/670453585_924940200408447_8971810673257281512_n-300x225.jpg\" class=\"attachment-medium size-medium wp-post-image\" alt=\"\" style=\"max-width:300px;max-height:300px;\" srcset=\"https:\/\/kyokushinds.hr\/wp-content\/uploads\/2026\/04\/670453585_924940200408447_8971810673257281512_n-300x225.jpg 300w, https:\/\/kyokushinds.hr\/wp-content\/uploads\/2026\/04\/670453585_924940200408447_8971810673257281512_n-1024x768.jpg 1024w, https:\/\/kyokushinds.hr\/wp-content\/uploads\/2026\/04\/670453585_924940200408447_8971810673257281512_n-768x576.jpg 768w, https:\/\/kyokushinds.hr\/wp-content\/uploads\/2026\/04\/670453585_924940200408447_8971810673257281512_n.jpg 1440w\" sizes=\"auto, (max-width: 300px) 100vw, 300px\" \/><\/a><\/div><a class=\"wp-block-latest-posts__post-title\" href=\"https:\/\/kyokushinds.hr\/index.php\/2026\/04\/09\/sudacki-seminar-u-varazdinskim-toplicama\/\">Suda\u010dki seminar u Vara\u017edinskim Toplicama<\/a><div class=\"wp-block-latest-posts__post-excerpt\">U \u010detvrtak, 9. travnja 2026. godine u Vara\u017edinskim Toplicama odr\u017ean je suda\u010dki seminar te je izvr\u0161eno \u0161kolovanje volontera za organizaciju i pra\u0107enje natjecanja. Seminar je vodio senapi Nikola Banjeglav, a na seminaru su bili prisutni i \u010dlanovi na\u0161eg kluba i doma\u0107in Karate klub ,,AiK\u201d iz Vara\u017edinskih Toplica. Zahvaljujemo se Karate klubu ,,AiK\u201d na gostoprimstvu! Ossu!<\/div><\/li>\n<li><div class=\"wp-block-latest-posts__featured-image alignleft\"><a href=\"https:\/\/kyokushinds.hr\/index.php\/2026\/03\/06\/borbeni-seminar-7\/\" aria-label=\"Borbeni seminar\"><img loading=\"lazy\" decoding=\"async\" width=\"300\" height=\"169\" src=\"https:\/\/kyokushinds.hr\/wp-content\/uploads\/2026\/03\/649505766_897272199841914_9070388867682013145_n-300x169.jpg\" class=\"attachment-medium size-medium wp-post-image\" alt=\"\" style=\"max-width:300px;max-height:300px;\" srcset=\"https:\/\/kyokushinds.hr\/wp-content\/uploads\/2026\/03\/649505766_897272199841914_9070388867682013145_n-300x169.jpg 300w, https:\/\/kyokushinds.hr\/wp-content\/uploads\/2026\/03\/649505766_897272199841914_9070388867682013145_n-1024x576.jpg 1024w, https:\/\/kyokushinds.hr\/wp-content\/uploads\/2026\/03\/649505766_897272199841914_9070388867682013145_n-768x432.jpg 768w, https:\/\/kyokushinds.hr\/wp-content\/uploads\/2026\/03\/649505766_897272199841914_9070388867682013145_n.jpg 1440w\" sizes=\"auto, (max-width: 300px) 100vw, 300px\" \/><\/a><\/div><a class=\"wp-block-latest-posts__post-title\" href=\"https:\/\/kyokushinds.hr\/index.php\/2026\/03\/06\/borbeni-seminar-7\/\">Borbeni seminar<\/a><div class=\"wp-block-latest-posts__post-excerpt\">U organizaciji Karate kluba ,,Sosai\u201d iz Zagreba u petak, 6. o\u017eujka 2026. godine odr\u017eao se borbeni seminar za kadete, juniore i seniore iz nekoliko klubova. Na seminaru se okupilo oko 40 sudionika.Zahvaljujemo Karate klubu ,,Sosai\u201d na gostoprimstvu! Ossu!<\/div><\/li>\n<li><div class=\"wp-block-latest-posts__featured-image alignleft\"><a href=\"https:\/\/kyokushinds.hr\/index.php\/2026\/02\/28\/krokic-kup-2026\/\" aria-label=\"KROKI\u0106 KUP 2026.\"><img loading=\"lazy\" decoding=\"async\" width=\"300\" height=\"122\" src=\"https:\/\/kyokushinds.hr\/wp-content\/uploads\/2026\/03\/slika-01-e1772443694789-300x122.jpeg\" class=\"attachment-medium size-medium wp-post-image\" alt=\"\" style=\"max-width:300px;max-height:300px;\" srcset=\"https:\/\/kyokushinds.hr\/wp-content\/uploads\/2026\/03\/slika-01-e1772443694789-300x122.jpeg 300w, https:\/\/kyokushinds.hr\/wp-content\/uploads\/2026\/03\/slika-01-e1772443694789-1024x416.jpeg 1024w, https:\/\/kyokushinds.hr\/wp-content\/uploads\/2026\/03\/slika-01-e1772443694789-768x312.jpeg 768w, https:\/\/kyokushinds.hr\/wp-content\/uploads\/2026\/03\/slika-01-e1772443694789-1536x624.jpeg 1536w, https:\/\/kyokushinds.hr\/wp-content\/uploads\/2026\/03\/slika-01-e1772443694789.jpeg 1712w\" sizes=\"auto, (max-width: 300px) 100vw, 300px\" \/><\/a><\/div><a class=\"wp-block-latest-posts__post-title\" href=\"https:\/\/kyokushinds.hr\/index.php\/2026\/02\/28\/krokic-kup-2026\/\">KROKI\u0106 KUP 2026.<\/a><div class=\"wp-block-latest-posts__post-excerpt\">U subotu, 28. velja\u010de 2026. godine odr\u017eao se ,,KROKI\u0106 KUP\u201d u Samoboru. Natjecanje seboduje za PH. Na natjecanju je nastupilo oko 100 natjecatelja iz Slova\u010dke, Ma\u0111arske iHrvatske.Rezultati u borbama su sljede\u0107i:Ana Dukovi\u0107, Paola Budek, Helena Marelja i Luka Sever osvojili su 1. mjesto.Leona Doku\u0161, Paula Samar\u017eija, Lana Sa\u0107er, Zora Gea \u0160turm, Eva Jegjud, RokoBelegi\u0107 i\u2026 <a class=\"wp-block-latest-posts__read-more\" href=\"https:\/\/kyokushinds.hr\/index.php\/2026\/02\/28\/krokic-kup-2026\/\" rel=\"noopener noreferrer\">Pro\u010ditaj vi\u0161e<span class=\"screen-reader-text\">: KROKI\u0106 KUP 2026.<\/span><\/a><\/div><\/li>\n<li><div class=\"wp-block-latest-posts__featured-image alignleft\"><a href=\"https:\/\/kyokushinds.hr\/index.php\/2026\/02\/27\/izbor-najboljih-u-sportu-zsuis-zagrebacke-zupanije-za-2025-godinu\/\" aria-label=\"Izbor najboljih u sportu ZSUIS Zagreba\u010dke \u017eupanije za 2025. godinu\"><img loading=\"lazy\" decoding=\"async\" width=\"300\" height=\"173\" src=\"https:\/\/kyokushinds.hr\/wp-content\/uploads\/2026\/03\/IMG-20260227-WA0096-e1772440748951-300x173.jpg\" class=\"attachment-medium size-medium wp-post-image\" alt=\"\" style=\"max-width:300px;max-height:300px;\" srcset=\"https:\/\/kyokushinds.hr\/wp-content\/uploads\/2026\/03\/IMG-20260227-WA0096-e1772440748951-300x173.jpg 300w, https:\/\/kyokushinds.hr\/wp-content\/uploads\/2026\/03\/IMG-20260227-WA0096-e1772440748951-1024x592.jpg 1024w, https:\/\/kyokushinds.hr\/wp-content\/uploads\/2026\/03\/IMG-20260227-WA0096-e1772440748951-768x444.jpg 768w, https:\/\/kyokushinds.hr\/wp-content\/uploads\/2026\/03\/IMG-20260227-WA0096-e1772440748951.jpg 1152w\" sizes=\"auto, (max-width: 300px) 100vw, 300px\" \/><\/a><\/div><a class=\"wp-block-latest-posts__post-title\" href=\"https:\/\/kyokushinds.hr\/index.php\/2026\/02\/27\/izbor-najboljih-u-sportu-zsuis-zagrebacke-zupanije-za-2025-godinu\/\">Izbor najboljih u sportu ZSUIS Zagreba\u010dke \u017eupanije za 2025. godinu<\/a><div class=\"wp-block-latest-posts__post-excerpt\">U petak, 27.02.2026. godine, Zajednica \u0161portskih udruga i saveza Zagreba\u010dke \u017eupanije na tradicionalnoj priredbi progla\u0161enja najboljih u sportuZagreba\u010dke \u017eupanije, u Vrbovcu, proglasila je najbolje sporta\u0161e u 2025.godini, a me\u0111u laureatima bili su i \u010dlanovi kyokushin karate kluba \u201eDugoSelo\u201c.Z\u0160UIS Zagreba\u010dke \u017dupanije okuplja oko 750 klubova, preko 1500djelatnika i preko 20000 aktivnih sporta\u0161a.Paola Budek i Juraj Kramer\u2026 <a class=\"wp-block-latest-posts__read-more\" href=\"https:\/\/kyokushinds.hr\/index.php\/2026\/02\/27\/izbor-najboljih-u-sportu-zsuis-zagrebacke-zupanije-za-2025-godinu\/\" rel=\"noopener noreferrer\">Pro\u010ditaj vi\u0161e<span class=\"screen-reader-text\">: Izbor najboljih u sportu ZSUIS Zagreba\u010dke \u017eupanije za 2025. godinu<\/span><\/a><\/div><\/li>\n<\/ul>\n\n\n<figure class=\"wp-block-image size-full\"><img loading=\"lazy\" decoding=\"async\" width=\"1024\" height=\"636\" src=\"https:\/\/kyokushinds.hr\/wp-content\/uploads\/2023\/09\/Dojo_kun_SMALL.jpg\" alt=\"\" class=\"wp-image-547\" srcset=\"https:\/\/kyokushinds.hr\/wp-content\/uploads\/2023\/09\/Dojo_kun_SMALL.jpg 1024w, https:\/\/kyokushinds.hr\/wp-content\/uploads\/2023\/09\/Dojo_kun_SMALL-300x186.jpg 300w, https:\/\/kyokushinds.hr\/wp-content\/uploads\/2023\/09\/Dojo_kun_SMALL-768x477.jpg 768w\" sizes=\"auto, (max-width: 1024px) 100vw, 1024px\" \/><\/figure>\n","protected":false},"excerpt":{"rendered":"","protected":false},"author":1,"featured_media":0,"parent":0,"menu_order":0,"comment_status":"closed","ping_status":"closed","template":"","meta":{"ngg_post_thumbnail":0,"footnotes":""},"class_list":["post-103","page","type-page","status-publish","hentry"],"jetpack_sharing_enabled":true,"_links":{"self":[{"href":"https:\/\/kyokushinds.hr\/index.php\/wp-json\/wp\/v2\/pages\/103","targetHints":{"allow":["GET"]}}],"collection":[{"href":"https:\/\/kyokushinds.hr\/index.php\/wp-json\/wp\/v2\/pages"}],"about":[{"href":"https:\/\/kyokushinds.hr\/index.php\/wp-json\/wp\/v2\/types\/page"}],"author":[{"embeddable":true,"href":"https:\/\/kyokushinds.hr\/index.php\/wp-json\/wp\/v2\/users\/1"}],"replies":[{"embeddable":true,"href":"https:\/\/kyokushinds.hr\/index.php\/wp-json\/wp\/v2\/comments?post=103"}],"version-history":[{"count":29,"href":"https:\/\/kyokushinds.hr\/index.php\/wp-json\/wp\/v2\/pages\/103\/revisions"}],"predecessor-version":[{"id":987,"href":"https:\/\/kyokushinds.hr\/index.php\/wp-json\/wp\/v2\/pages\/103\/revisions\/987"}],"wp:attachment":[{"href":"https:\/\/kyokushinds.hr\/index.php\/wp-json\/wp\/v2\/media?parent=103"}],"curies":[{"name":"wp","href":"https:\/\/api.w.org\/{rel}","templated":true}]}}