{"id":276,"date":"2023-06-07T07:47:05","date_gmt":"2023-06-07T05:47:05","guid":{"rendered":"http:\/\/kyokushinds.hr\/?page_id=276"},"modified":"2023-06-08T11:49:55","modified_gmt":"2023-06-08T09:49:55","slug":"voditelj","status":"publish","type":"page","link":"https:\/\/kyokushinds.hr\/index.php\/voditelj\/","title":{"rendered":"Voditelj"},"content":{"rendered":"\n<p>Senpai Nikola Banjeglav, 2. DAN<\/p>\n\n\n\n<p> Ro\u0111en 21.3.1976. u Zagrebu. Josipa Zori\u0107a  10, 10370 Dugo Selo Mob: 091 565 9499<\/p>\n\n\n\n<p> E-mail: <a href=\"mailto:nikola.banjeglav@gmail.com\">nikola.banjeglav@gmail.com<\/a><\/p>\n\n\n\n<p>Zavr\u0161io studij Fakulteta strojarstva i brodogradnje sveu\u010dili\u0161ta u Zagrebu s diplomom univ. bacc. ing. Trener karatea sa diplomom od Hrvatskog Olimpijskog Odbora. Nositelj crnog pojasa 2.DAN.<\/p>\n\n\n\n<p>Po\u010deo s Karateom 05.10.1985., s 9 godina. S 18 godina polo\u017eio 1. DAN u Pe\u0107uhu (Pecs) u Ma\u0111arskoj kod Shihana H.Kollinsa. 7. DAN, Shihana F.Kalmana 6. DAN, Shihana I. Adamya 6. DAN. S 22 godine polo\u017eio 2. DAN u Szolnoku u Ma\u0111arskoj kod Shihana F. Kalmana 6. DAN. Hrvatski Kyokushin Karate reprezentativac od 1992. 30-tak seminara (ljetne i zimske \u0161kole). 20-tak seminara karatea i borila\u010dkih vje\u0161tina pribli\u017eno 70 osvojenih odli\u010dja i nagrada u karateu Pomo\u0107ni trener kluba Dugo Selo od 1994. Pomo\u0107ni trener klubova Elka i Maksimir od 1997. do 2003. Dopredsjednik Hrvatskog Kyokushin karate saveza. Postao glavni trener kluba Dugo Selo 2003. godine. Sudjelovao dva puta na Svjetskom prvenstvu u Japanu i plasirao se na 35. i 40. mjesto od 128 natjecatelja, te na tri europska prvenstva. tri puta nominiran za sporta\u0161a godine grada Dugo Selo, 92., 97, 98. Progla\u0161en sporta\u0161em godine grada Dugo Selo 1996. i 2001. Najbolji u Kyokushin karateu grada D.Sela 92, 97, 98, 2001. Nagra\u0111en od grada Dugog Sela za \u0161portskog djelatnika 2005. Posebno priznanje treneru za \u0161portske dosege od grada Dugog Sela 2006. i 2007. U klubovima gdje je bio kao pomo\u0107ni trener u\u010denici su osvojili tri europske medalje, a u Dugom Selu gdje je glavni trener 5. i 7. mjesto u Europi. Tako\u0111er u\u010denici su dva puta progla\u0161eni \u0161porta\u0161em godine grada izme\u0111u 1000 sporta\u0161a u 15 klubova. \u010clan ispitne komisije HKKS-a, \u010dlan suda\u010dke komisije HKKS-a, Nacionalni sudac najvi\u0161eg ranga, me\u0111unarodni sudac ni\u017eeg ranga. <\/p>\n\n\n\n<figure class=\"wp-block-gallery has-nested-images columns-default is-cropped wp-block-gallery-1 is-layout-flex wp-block-gallery-is-layout-flex\">\n<figure class=\"wp-block-image size-medium\"><a href=\"https:\/\/kyokushinds.hr\/wp-content\/uploads\/2023\/06\/slike-slika35.jpg\" target=\"_blank\" rel=\"noopener\"><img loading=\"lazy\" decoding=\"async\" width=\"163\" height=\"300\" data-id=\"265\" src=\"https:\/\/kyokushinds.hr\/wp-content\/uploads\/2023\/06\/slike-slika35-163x300.jpg\" alt=\"\" class=\"wp-image-265\" srcset=\"https:\/\/kyokushinds.hr\/wp-content\/uploads\/2023\/06\/slike-slika35-163x300.jpg 163w, https:\/\/kyokushinds.hr\/wp-content\/uploads\/2023\/06\/slike-slika35.jpg 168w\" sizes=\"auto, (max-width: 163px) 100vw, 163px\" \/><\/a><\/figure>\n\n\n\n<figure class=\"wp-block-image size-medium\"><a href=\"https:\/\/kyokushinds.hr\/wp-content\/uploads\/2023\/06\/slike-slika37.jpg\" target=\"_blank\" rel=\"noopener\"><img loading=\"lazy\" decoding=\"async\" width=\"300\" height=\"225\" data-id=\"259\" src=\"https:\/\/kyokushinds.hr\/wp-content\/uploads\/2023\/06\/slike-slika37-300x225.jpg\" alt=\"\" class=\"wp-image-259\" srcset=\"https:\/\/kyokushinds.hr\/wp-content\/uploads\/2023\/06\/slike-slika37-300x225.jpg 300w, https:\/\/kyokushinds.hr\/wp-content\/uploads\/2023\/06\/slike-slika37-768x576.jpg 768w, https:\/\/kyokushinds.hr\/wp-content\/uploads\/2023\/06\/slike-slika37.jpg 800w\" sizes=\"auto, (max-width: 300px) 100vw, 300px\" \/><\/a><figcaption class=\"wp-element-caption\">OLYMPUS DIGITAL CAMERA<\/figcaption><\/figure>\n\n\n\n<figure class=\"wp-block-image size-medium\"><a href=\"https:\/\/kyokushinds.hr\/wp-content\/uploads\/2023\/06\/slike-slika38.jpg\" target=\"_blank\" rel=\"noopener\"><img loading=\"lazy\" decoding=\"async\" width=\"300\" height=\"227\" data-id=\"260\" src=\"https:\/\/kyokushinds.hr\/wp-content\/uploads\/2023\/06\/slike-slika38-300x227.jpg\" alt=\"\" class=\"wp-image-260\" srcset=\"https:\/\/kyokushinds.hr\/wp-content\/uploads\/2023\/06\/slike-slika38-300x227.jpg 300w, https:\/\/kyokushinds.hr\/wp-content\/uploads\/2023\/06\/slike-slika38-768x580.jpg 768w, https:\/\/kyokushinds.hr\/wp-content\/uploads\/2023\/06\/slike-slika38.jpg 800w\" sizes=\"auto, (max-width: 300px) 100vw, 300px\" \/><\/a><figcaption class=\"wp-element-caption\">OLYMPUS DIGITAL CAMERA<\/figcaption><\/figure>\n\n\n\n<figure class=\"wp-block-image size-medium\"><a href=\"https:\/\/kyokushinds.hr\/wp-content\/uploads\/2023\/06\/slike-slika39.jpg\" target=\"_blank\" rel=\"noopener\"><img loading=\"lazy\" decoding=\"async\" width=\"300\" height=\"225\" data-id=\"258\" src=\"https:\/\/kyokushinds.hr\/wp-content\/uploads\/2023\/06\/slike-slika39-300x225.jpg\" alt=\"\" class=\"wp-image-258\" srcset=\"https:\/\/kyokushinds.hr\/wp-content\/uploads\/2023\/06\/slike-slika39-300x225.jpg 300w, https:\/\/kyokushinds.hr\/wp-content\/uploads\/2023\/06\/slike-slika39-768x576.jpg 768w, https:\/\/kyokushinds.hr\/wp-content\/uploads\/2023\/06\/slike-slika39.jpg 800w\" sizes=\"auto, (max-width: 300px) 100vw, 300px\" \/><\/a><figcaption class=\"wp-element-caption\">OLYMPUS DIGITAL CAMERA<\/figcaption><\/figure>\n\n\n\n<figure class=\"wp-block-image size-medium\"><a href=\"https:\/\/kyokushinds.hr\/wp-content\/uploads\/2023\/06\/slike-slika40.jpg\" target=\"_blank\" rel=\"noopener\"><img loading=\"lazy\" decoding=\"async\" width=\"227\" height=\"300\" data-id=\"257\" src=\"https:\/\/kyokushinds.hr\/wp-content\/uploads\/2023\/06\/slike-slika40-227x300.jpg\" alt=\"\" class=\"wp-image-257\" srcset=\"https:\/\/kyokushinds.hr\/wp-content\/uploads\/2023\/06\/slike-slika40-227x300.jpg 227w, https:\/\/kyokushinds.hr\/wp-content\/uploads\/2023\/06\/slike-slika40.jpg 604w\" sizes=\"auto, (max-width: 227px) 100vw, 227px\" \/><\/a><figcaption class=\"wp-element-caption\">OLYMPUS DIGITAL CAMERA<\/figcaption><\/figure>\n\n\n\n<figure class=\"wp-block-image size-medium\"><a href=\"https:\/\/kyokushinds.hr\/wp-content\/uploads\/2023\/06\/slike-slika46.jpg\" target=\"_blank\" rel=\"noopener\"><img loading=\"lazy\" decoding=\"async\" width=\"202\" height=\"300\" data-id=\"254\" src=\"https:\/\/kyokushinds.hr\/wp-content\/uploads\/2023\/06\/slike-slika46-202x300.jpg\" alt=\"\" class=\"wp-image-254\" srcset=\"https:\/\/kyokushinds.hr\/wp-content\/uploads\/2023\/06\/slike-slika46-202x300.jpg 202w, https:\/\/kyokushinds.hr\/wp-content\/uploads\/2023\/06\/slike-slika46.jpg 517w\" sizes=\"auto, (max-width: 202px) 100vw, 202px\" \/><\/a><\/figure>\n\n\n\n<figure class=\"wp-block-image size-medium\"><a href=\"https:\/\/kyokushinds.hr\/wp-content\/uploads\/2023\/06\/slike-slika57.jpg\" target=\"_blank\" rel=\"noopener\"><img loading=\"lazy\" decoding=\"async\" width=\"300\" height=\"281\" data-id=\"243\" src=\"https:\/\/kyokushinds.hr\/wp-content\/uploads\/2023\/06\/slike-slika57-300x281.jpg\" alt=\"\" class=\"wp-image-243\" srcset=\"https:\/\/kyokushinds.hr\/wp-content\/uploads\/2023\/06\/slike-slika57-300x281.jpg 300w, https:\/\/kyokushinds.hr\/wp-content\/uploads\/2023\/06\/slike-slika57-768x720.jpg 768w, https:\/\/kyokushinds.hr\/wp-content\/uploads\/2023\/06\/slike-slika57.jpg 819w\" sizes=\"auto, (max-width: 300px) 100vw, 300px\" \/><\/a><\/figure>\n\n\n\n<figure class=\"wp-block-image size-medium\"><a href=\"https:\/\/kyokushinds.hr\/wp-content\/uploads\/2023\/06\/40_godina_DS.jpg\" target=\"_blank\" rel=\"noopener\"><img loading=\"lazy\" decoding=\"async\" width=\"224\" height=\"300\" data-id=\"239\" src=\"https:\/\/kyokushinds.hr\/wp-content\/uploads\/2023\/06\/40_godina_DS-224x300.jpg\" alt=\"\" class=\"wp-image-239\" srcset=\"https:\/\/kyokushinds.hr\/wp-content\/uploads\/2023\/06\/40_godina_DS-224x300.jpg 224w, https:\/\/kyokushinds.hr\/wp-content\/uploads\/2023\/06\/40_godina_DS.jpg 766w\" sizes=\"auto, (max-width: 224px) 100vw, 224px\" \/><\/a><\/figure>\n\n\n\n<figure class=\"wp-block-image size-medium\"><a href=\"https:\/\/kyokushinds.hr\/wp-content\/uploads\/2023\/06\/3221_100046818974_1005301_n.jpg\" target=\"_blank\" rel=\"noopener\"><img loading=\"lazy\" decoding=\"async\" width=\"300\" height=\"245\" data-id=\"141\" src=\"https:\/\/kyokushinds.hr\/wp-content\/uploads\/2023\/06\/3221_100046818974_1005301_n-300x245.jpg\" alt=\"\" class=\"wp-image-141\" srcset=\"https:\/\/kyokushinds.hr\/wp-content\/uploads\/2023\/06\/3221_100046818974_1005301_n-300x245.jpg 300w, https:\/\/kyokushinds.hr\/wp-content\/uploads\/2023\/06\/3221_100046818974_1005301_n.jpg 489w\" sizes=\"auto, (max-width: 300px) 100vw, 300px\" \/><\/a><\/figure>\n\n\n\n<figure class=\"wp-block-image size-medium\"><a href=\"https:\/\/kyokushinds.hr\/wp-content\/uploads\/2023\/06\/slike-slika168.jpg\" target=\"_blank\" rel=\"noopener\"><img loading=\"lazy\" decoding=\"async\" width=\"227\" height=\"300\" data-id=\"279\" src=\"https:\/\/kyokushinds.hr\/wp-content\/uploads\/2023\/06\/slike-slika168-227x300.jpg\" alt=\"\" class=\"wp-image-279\" srcset=\"https:\/\/kyokushinds.hr\/wp-content\/uploads\/2023\/06\/slike-slika168-227x300.jpg 227w, https:\/\/kyokushinds.hr\/wp-content\/uploads\/2023\/06\/slike-slika168.jpg 300w\" sizes=\"auto, (max-width: 227px) 100vw, 227px\" \/><\/a><figcaption class=\"wp-element-caption\">OLYMPUS DIGITAL CAMERA<\/figcaption><\/figure>\n\n\n\n<figure class=\"wp-block-image size-medium\"><a href=\"https:\/\/kyokushinds.hr\/wp-content\/uploads\/2023\/06\/slike-slika165.jpg\" target=\"_blank\" rel=\"noopener\"><img loading=\"lazy\" decoding=\"async\" width=\"300\" height=\"200\" data-id=\"280\" src=\"https:\/\/kyokushinds.hr\/wp-content\/uploads\/2023\/06\/slike-slika165.jpg\" alt=\"\" class=\"wp-image-280\"\/><\/a><\/figure>\n\n\n\n<figure class=\"wp-block-image size-full\"><a href=\"https:\/\/kyokushinds.hr\/wp-content\/uploads\/2023\/06\/3221_100046983974_1821052_n.jpg\" target=\"_blank\" rel=\"noopener\"><img loading=\"lazy\" decoding=\"async\" width=\"501\" height=\"480\" data-id=\"143\" src=\"https:\/\/kyokushinds.hr\/wp-content\/uploads\/2023\/06\/3221_100046983974_1821052_n.jpg\" alt=\"\" class=\"wp-image-143\" srcset=\"https:\/\/kyokushinds.hr\/wp-content\/uploads\/2023\/06\/3221_100046983974_1821052_n.jpg 501w, https:\/\/kyokushinds.hr\/wp-content\/uploads\/2023\/06\/3221_100046983974_1821052_n-300x287.jpg 300w\" sizes=\"auto, (max-width: 501px) 100vw, 501px\" \/><\/a><\/figure>\n\n\n\n<figure class=\"wp-block-image size-medium\"><a href=\"https:\/\/kyokushinds.hr\/wp-content\/uploads\/2023\/06\/slike-slika139.jpg\" target=\"_blank\" rel=\"noopener\"><img loading=\"lazy\" decoding=\"async\" width=\"300\" height=\"203\" data-id=\"282\" src=\"https:\/\/kyokushinds.hr\/wp-content\/uploads\/2023\/06\/slike-slika139-300x203.jpg\" alt=\"\" class=\"wp-image-282\" srcset=\"https:\/\/kyokushinds.hr\/wp-content\/uploads\/2023\/06\/slike-slika139-300x203.jpg 300w, https:\/\/kyokushinds.hr\/wp-content\/uploads\/2023\/06\/slike-slika139.jpg 592w\" sizes=\"auto, (max-width: 300px) 100vw, 300px\" \/><\/a><\/figure>\n\n\n\n<figure class=\"wp-block-image size-medium\"><a href=\"https:\/\/kyokushinds.hr\/wp-content\/uploads\/2023\/06\/slike-slika137.jpg\" target=\"_blank\" rel=\"noopener\"><img loading=\"lazy\" decoding=\"async\" width=\"300\" height=\"293\" data-id=\"283\" src=\"https:\/\/kyokushinds.hr\/wp-content\/uploads\/2023\/06\/slike-slika137-300x293.jpg\" alt=\"\" class=\"wp-image-283\" srcset=\"https:\/\/kyokushinds.hr\/wp-content\/uploads\/2023\/06\/slike-slika137-300x293.jpg 300w, https:\/\/kyokushinds.hr\/wp-content\/uploads\/2023\/06\/slike-slika137.jpg 410w\" sizes=\"auto, (max-width: 300px) 100vw, 300px\" \/><\/a><\/figure>\n\n\n\n<figure class=\"wp-block-image size-medium\"><a href=\"https:\/\/kyokushinds.hr\/wp-content\/uploads\/2023\/06\/slike-slika136.jpg\" target=\"_blank\" rel=\"noopener\"><img loading=\"lazy\" decoding=\"async\" width=\"244\" height=\"300\" data-id=\"284\" src=\"https:\/\/kyokushinds.hr\/wp-content\/uploads\/2023\/06\/slike-slika136-244x300.jpg\" alt=\"\" class=\"wp-image-284\" srcset=\"https:\/\/kyokushinds.hr\/wp-content\/uploads\/2023\/06\/slike-slika136-244x300.jpg 244w, https:\/\/kyokushinds.hr\/wp-content\/uploads\/2023\/06\/slike-slika136.jpg 325w\" sizes=\"auto, (max-width: 244px) 100vw, 244px\" \/><\/a><\/figure>\n\n\n\n<figure class=\"wp-block-image size-medium\"><a href=\"https:\/\/kyokushinds.hr\/wp-content\/uploads\/2023\/06\/slike-slika134.jpg\" target=\"_blank\" rel=\"noopener\"><img loading=\"lazy\" decoding=\"async\" width=\"300\" height=\"213\" data-id=\"285\" src=\"https:\/\/kyokushinds.hr\/wp-content\/uploads\/2023\/06\/slike-slika134-300x213.jpg\" alt=\"\" class=\"wp-image-285\" srcset=\"https:\/\/kyokushinds.hr\/wp-content\/uploads\/2023\/06\/slike-slika134-300x213.jpg 300w, https:\/\/kyokushinds.hr\/wp-content\/uploads\/2023\/06\/slike-slika134.jpg 564w\" sizes=\"auto, (max-width: 300px) 100vw, 300px\" \/><\/a><\/figure>\n\n\n\n<figure class=\"wp-block-image size-medium\"><a href=\"https:\/\/kyokushinds.hr\/wp-content\/uploads\/2023\/06\/slike-slika131.jpg\" target=\"_blank\" rel=\"noopener\"><img loading=\"lazy\" decoding=\"async\" width=\"300\" height=\"185\" data-id=\"286\" src=\"https:\/\/kyokushinds.hr\/wp-content\/uploads\/2023\/06\/slike-slika131-300x185.jpg\" alt=\"\" class=\"wp-image-286\" srcset=\"https:\/\/kyokushinds.hr\/wp-content\/uploads\/2023\/06\/slike-slika131-300x185.jpg 300w, https:\/\/kyokushinds.hr\/wp-content\/uploads\/2023\/06\/slike-slika131.jpg 600w\" sizes=\"auto, (max-width: 300px) 100vw, 300px\" \/><\/a><\/figure>\n<\/figure>\n","protected":false},"excerpt":{"rendered":"<p>Senpai Nikola Banjeglav, 2. DAN Ro\u0111en 21.3.1976. u Zagrebu. Josipa Zori\u0107a 10, 10370 Dugo Selo Mob: 091 565 9499 E-mail: nikola.banjeglav@gmail.com Zavr\u0161io studij Fakulteta strojarstva i brodogradnje sveu\u010dili\u0161ta u Zagrebu s diplomom univ. bacc. ing. Trener karatea sa diplomom od Hrvatskog Olimpijskog Odbora. Nositelj crnog pojasa 2.DAN. Po\u010deo s Karateom 05.10.1985., s 9 godina. S [&hellip;]<\/p>\n","protected":false},"author":1,"featured_media":0,"parent":0,"menu_order":0,"comment_status":"closed","ping_status":"closed","template":"","meta":{"ngg_post_thumbnail":0,"footnotes":""},"class_list":["post-276","page","type-page","status-publish","hentry"],"jetpack_sharing_enabled":true,"_links":{"self":[{"href":"https:\/\/kyokushinds.hr\/index.php\/wp-json\/wp\/v2\/pages\/276","targetHints":{"allow":["GET"]}}],"collection":[{"href":"https:\/\/kyokushinds.hr\/index.php\/wp-json\/wp\/v2\/pages"}],"about":[{"href":"https:\/\/kyokushinds.hr\/index.php\/wp-json\/wp\/v2\/types\/page"}],"author":[{"embeddable":true,"href":"https:\/\/kyokushinds.hr\/index.php\/wp-json\/wp\/v2\/users\/1"}],"replies":[{"embeddable":true,"href":"https:\/\/kyokushinds.hr\/index.php\/wp-json\/wp\/v2\/comments?post=276"}],"version-history":[{"count":5,"href":"https:\/\/kyokushinds.hr\/index.php\/wp-json\/wp\/v2\/pages\/276\/revisions"}],"predecessor-version":[{"id":315,"href":"https:\/\/kyokushinds.hr\/index.php\/wp-json\/wp\/v2\/pages\/276\/revisions\/315"}],"wp:attachment":[{"href":"https:\/\/kyokushinds.hr\/index.php\/wp-json\/wp\/v2\/media?parent=276"}],"curies":[{"name":"wp","href":"https:\/\/api.w.org\/{rel}","templated":true}]}}