{"id":291,"date":"2023-06-07T08:19:18","date_gmt":"2023-06-07T06:19:18","guid":{"rendered":"http:\/\/kyokushinds.hr\/?page_id=291"},"modified":"2023-06-08T11:49:20","modified_gmt":"2023-06-08T09:49:20","slug":"kontakt","status":"publish","type":"page","link":"https:\/\/kyokushinds.hr\/index.php\/kontakt\/","title":{"rendered":"Kontakt"},"content":{"rendered":"\n<p>Voditelj Nikola Banjeglav, 2. DAN<\/p>\n\n\n\n<p>Josipa Zori\u0107a 65, 10370 Dugo Selo<\/p>\n\n\n\n<p> Mob: 091 565 9499<\/p>\n\n\n\n<p> E-mail: <a href=\"mailto:nikola.banjeglav@gmail.com\">nikola.banjeglav@gmail.com<\/a><\/p>\n\n\n\n<p>Sve obavijesti i upisi ponedjeljkom i srijedom od 19.30 do 21.00, Ulica Josipa Zori\u0107a 65, Stara \u0161kola (nije osnovna \u0161kola).<\/p>\n\n\n\n<p>Treninzi ponedjeljkom, srijedom od 19.30 do 21.00 i \u010detvrtkom od 20.00 do 21.00.<\/p>\n\n\n\n<iframe src=\"https:\/\/www.google.com\/maps\/embed?pb=!1m18!1m12!1m3!1d1390.64885978404!2d16.24138148266848!3d45.80529558276988!2m3!1f0!2f0!3f0!3m2!1i1024!2i768!4f13.1!3m3!1m2!1s0x47667abac0c63d0b%3A0x5d1b53fcc1c4764b!2sKYOKUSHIN%20KARATE%20KLUB%20DUGO%20SELO!5e0!3m2!1shr!2shr!4v1686124134502!5m2!1shr!2shr\" width=\"600\" height=\"450\" style=\"border:0;\" allowfullscreen=\"\" loading=\"lazy\" referrerpolicy=\"no-referrer-when-downgrade\"><\/iframe>\n","protected":false},"excerpt":{"rendered":"<p>Voditelj Nikola Banjeglav, 2. DAN Josipa Zori\u0107a 65, 10370 Dugo Selo Mob: 091 565 9499 E-mail: nikola.banjeglav@gmail.com Sve obavijesti i upisi ponedjeljkom i srijedom od 19.30 do 21.00, Ulica Josipa Zori\u0107a 65, Stara \u0161kola (nije osnovna \u0161kola). Treninzi ponedjeljkom, srijedom od 19.30 do 21.00 i \u010detvrtkom od 20.00 do 21.00.<\/p>\n","protected":false},"author":1,"featured_media":0,"parent":0,"menu_order":0,"comment_status":"closed","ping_status":"closed","template":"","meta":{"ngg_post_thumbnail":0,"footnotes":""},"class_list":["post-291","page","type-page","status-publish","hentry"],"jetpack_sharing_enabled":true,"_links":{"self":[{"href":"https:\/\/kyokushinds.hr\/index.php\/wp-json\/wp\/v2\/pages\/291","targetHints":{"allow":["GET"]}}],"collection":[{"href":"https:\/\/kyokushinds.hr\/index.php\/wp-json\/wp\/v2\/pages"}],"about":[{"href":"https:\/\/kyokushinds.hr\/index.php\/wp-json\/wp\/v2\/types\/page"}],"author":[{"embeddable":true,"href":"https:\/\/kyokushinds.hr\/index.php\/wp-json\/wp\/v2\/users\/1"}],"replies":[{"embeddable":true,"href":"https:\/\/kyokushinds.hr\/index.php\/wp-json\/wp\/v2\/comments?post=291"}],"version-history":[{"count":6,"href":"https:\/\/kyokushinds.hr\/index.php\/wp-json\/wp\/v2\/pages\/291\/revisions"}],"predecessor-version":[{"id":314,"href":"https:\/\/kyokushinds.hr\/index.php\/wp-json\/wp\/v2\/pages\/291\/revisions\/314"}],"wp:attachment":[{"href":"https:\/\/kyokushinds.hr\/index.php\/wp-json\/wp\/v2\/media?parent=291"}],"curies":[{"name":"wp","href":"https:\/\/api.w.org\/{rel}","templated":true}]}}