{"id":79,"date":"2023-06-05T12:10:45","date_gmt":"2023-06-05T10:10:45","guid":{"rendered":"http:\/\/kyokushinds.hr\/?page_id=79"},"modified":"2023-06-07T10:18:45","modified_gmt":"2023-06-07T08:18:45","slug":"natjecanja","status":"publish","type":"page","link":"https:\/\/kyokushinds.hr\/index.php\/natjecanja\/","title":{"rendered":"Natjecanja"},"content":{"rendered":"      <div id=\"post-grid-lazy-311\" class=\"post-grid-lazy\"><img decoding=\"async\" alt=\"\" src=\"\" \/><\/div>\n    <script>\n      jQuery('#post-grid-lazy-311').ready(function($) {\n        $('#post-grid-lazy-311').fadeOut();\n        $('#post-grid-311   ').fadeIn();\n      })\n    <\/script>\n    <style type=\"text\/css\">\n      #post-grid-311 {\n        display: none;\n      }\n\n      .post-grid-lazy {\n        text-align: center;\n      }\n    <\/style>\n    <div data-options='{&quot;id&quot;:&quot;311&quot;,&quot;lazy_load&quot;:&quot;yes&quot;,&quot;masonry_enable&quot;:&quot;no&quot;,&quot;view_type&quot;:&quot;grid&quot;}' id=\"post-grid-311\" class=\"post-grid grid\">\n    \n\n\n    <div class=\"grid-items\">\n      <div class=\"item item-1270 skin flat even 0 \">\n        <div class=\"layer-wrapper layout-\">\n        <div class=\"layer-media\"><\/div>\n  <div class=\"layer-content\">\n        <div\r\n        class=\"element element_0  element-media \">\r\n        <a target=\"_self\" href=\"https:\/\/kyokushinds.hr\/index.php\/2026\/02\/28\/krokic-kup-2026\/\"><img loading=\"lazy\" decoding=\"async\" width=\"980\" height=\"398\" src=\"https:\/\/kyokushinds.hr\/wp-content\/uploads\/2026\/03\/slika-01-e1772443694789-1024x416.jpeg\" class=\"attachment-large size-large wp-post-image\" alt=\"\" \/><\/a>    <\/div>\r\n    <div class=\"element element_1  title_link \">\r\n                    <a target=\"\"\r\n                href=\"https:\/\/kyokushinds.hr\/index.php\/2026\/02\/28\/krokic-kup-2026\/\">KROKI\u0106 KUP 2026.<\/a>\r\n            <\/div>\r\n    <div class=\"element element_2  excerpt \">\r\n        U subotu, 28. velja\u010de 2026. godine odr\u017eao se ,,KROKI\u0106 KUP\u201d u Samoboru. Natjecanje seboduje za PH. Na natjecanju je nastupilo            <\/div>\r\n            <a class=\"element element_3  read_more \"\r\n            target=\"\"\r\n            href=\"https:\/\/kyokushinds.hr\/index.php\/2026\/02\/28\/krokic-kup-2026\/\"><\/a>\r\n      <\/div>\n    <\/div>\n  <\/div><div class=\"item item-1205 skin flat odd 1 \">\n        <div class=\"layer-wrapper layout-\">\n        <div class=\"layer-media\"><\/div>\n  <div class=\"layer-content\">\n        <div\r\n        class=\"element element_0  element-media \">\r\n        <a target=\"_self\" href=\"https:\/\/kyokushinds.hr\/index.php\/2025\/12\/20\/sportom-protiv-nasilja-2\/\"><img loading=\"lazy\" decoding=\"async\" width=\"980\" height=\"735\" src=\"https:\/\/kyokushinds.hr\/wp-content\/uploads\/2025\/12\/Sportska-natjecanja-20-12-2025-1024x768.jpg\" class=\"attachment-large size-large wp-post-image\" alt=\"\" \/><\/a>    <\/div>\r\n    <div class=\"element element_1  title_link \">\r\n                    <a target=\"\"\r\n                href=\"https:\/\/kyokushinds.hr\/index.php\/2025\/12\/20\/sportom-protiv-nasilja-2\/\">Sportom protiv nasilja!<\/a>\r\n            <\/div>\r\n    <div class=\"element element_2  excerpt \">\r\n        Kao dio projekta odobren od Ministarstva turizma i sporta kyokushin karate klub \u201eDugo Selo\u201c je za kraj godine organizirao sportska            <\/div>\r\n            <a class=\"element element_3  read_more \"\r\n            target=\"\"\r\n            href=\"https:\/\/kyokushinds.hr\/index.php\/2025\/12\/20\/sportom-protiv-nasilja-2\/\"><\/a>\r\n      <\/div>\n    <\/div>\n  <\/div><div class=\"item item-1184 skin flat even 2 \">\n        <div class=\"layer-wrapper layout-\">\n        <div class=\"layer-media\"><\/div>\n  <div class=\"layer-content\">\n        <div\r\n        class=\"element element_0  element-media \">\r\n        <a target=\"_self\" href=\"https:\/\/kyokushinds.hr\/index.php\/2025\/12\/06\/shinkyokushin-karate-kup-zagreb-2025\/\"><img loading=\"lazy\" decoding=\"async\" width=\"980\" height=\"735\" src=\"https:\/\/kyokushinds.hr\/wp-content\/uploads\/2025\/12\/WhatsApp-Image-2025-12-06-at-21.56.03-2-1024x768.jpeg\" class=\"attachment-large size-large wp-post-image\" alt=\"\" \/><\/a>    <\/div>\r\n    <div class=\"element element_1  title_link \">\r\n                    <a target=\"\"\r\n                href=\"https:\/\/kyokushinds.hr\/index.php\/2025\/12\/06\/shinkyokushin-karate-kup-zagreb-2025\/\">SHINKYOKUSHIN KARATE KUP ZAGREB 2025.<\/a>\r\n            <\/div>\r\n    <div class=\"element element_2  excerpt \">\r\n        U subotu, 6. prosinca 2025. godine odr\u017ean je ,,SHINKYOKUSHIN KARATE KUP ZAGREB 2025.\u201d u Zagrebu. Na turniru je nastupilo oko            <\/div>\r\n            <a class=\"element element_3  read_more \"\r\n            target=\"\"\r\n            href=\"https:\/\/kyokushinds.hr\/index.php\/2025\/12\/06\/shinkyokushin-karate-kup-zagreb-2025\/\"><\/a>\r\n      <\/div>\n    <\/div>\n  <\/div><div class=\"item item-1172 skin flat odd 3 \">\n        <div class=\"layer-wrapper layout-\">\n        <div class=\"layer-media\"><\/div>\n  <div class=\"layer-content\">\n        <div\r\n        class=\"element element_0  element-media \">\r\n        <a target=\"_self\" href=\"https:\/\/kyokushinds.hr\/index.php\/2025\/11\/22\/zapresic-open-2025\/\"><img loading=\"lazy\" decoding=\"async\" width=\"980\" height=\"482\" src=\"https:\/\/kyokushinds.hr\/wp-content\/uploads\/2025\/11\/IMG-20251122-WA0040-e1763907811539-1024x504.jpg\" class=\"attachment-large size-large wp-post-image\" alt=\"\" \/><\/a>    <\/div>\r\n    <div class=\"element element_1  title_link \">\r\n                    <a target=\"\"\r\n                href=\"https:\/\/kyokushinds.hr\/index.php\/2025\/11\/22\/zapresic-open-2025\/\">Zapre\u0161i\u0107 open 2025<\/a>\r\n            <\/div>\r\n    <div class=\"element element_2  excerpt \">\r\n        Dana 22. studenoga 2025. godine odr\u017eao se ,,ZAPRE\u0160I\u0106 OPEN\u201d u Zapre\u0161i\u0107u. Na natjecanju koje se boduje za PH je nastupilo            <\/div>\r\n            <a class=\"element element_3  read_more \"\r\n            target=\"\"\r\n            href=\"https:\/\/kyokushinds.hr\/index.php\/2025\/11\/22\/zapresic-open-2025\/\"><\/a>\r\n      <\/div>\n    <\/div>\n  <\/div><div class=\"item item-1130 skin flat even 4 \">\n        <div class=\"layer-wrapper layout-\">\n        <div class=\"layer-media\"><\/div>\n  <div class=\"layer-content\">\n        <div\r\n        class=\"element element_0  element-media \">\r\n        <a target=\"_self\" href=\"https:\/\/kyokushinds.hr\/index.php\/2025\/11\/08\/damashi-kup\/\"><img loading=\"lazy\" decoding=\"async\" width=\"980\" height=\"735\" src=\"https:\/\/kyokushinds.hr\/wp-content\/uploads\/2025\/11\/Klub-3-1024x768.jpg\" class=\"attachment-large size-large wp-post-image\" alt=\"\" \/><\/a>    <\/div>\r\n    <div class=\"element element_1  title_link \">\r\n                    <a target=\"\"\r\n                href=\"https:\/\/kyokushinds.hr\/index.php\/2025\/11\/08\/damashi-kup\/\">Damashi KUP<\/a>\r\n            <\/div>\r\n    <div class=\"element element_2  excerpt \">\r\n        U subotu, 8. studenoga 2025. godine odr\u017ean je me\u0111unarodni ,,DAMASHI KUP\u201d u gradu Sikl\u00f3su, u Ma\u0111arskoj. Na natjecanju je nastupilo            <\/div>\r\n            <a class=\"element element_3  read_more \"\r\n            target=\"\"\r\n            href=\"https:\/\/kyokushinds.hr\/index.php\/2025\/11\/08\/damashi-kup\/\"><\/a>\r\n      <\/div>\n    <\/div>\n  <\/div><div class=\"item item-1127 skin flat odd 5 \">\n        <div class=\"layer-wrapper layout-\">\n        <div class=\"layer-media\"><\/div>\n  <div class=\"layer-content\">\n        <div\r\n        class=\"element element_0  element-media \">\r\n        <a target=\"_self\" href=\"https:\/\/kyokushinds.hr\/index.php\/2025\/10\/25\/sportom-protiv-nasilja\/\"><img loading=\"lazy\" decoding=\"async\" width=\"980\" height=\"735\" src=\"https:\/\/kyokushinds.hr\/wp-content\/uploads\/2025\/10\/slika-1-1024x768.jpg\" class=\"attachment-large size-large wp-post-image\" alt=\"\" \/><\/a>    <\/div>\r\n    <div class=\"element element_1  title_link \">\r\n                    <a target=\"\"\r\n                href=\"https:\/\/kyokushinds.hr\/index.php\/2025\/10\/25\/sportom-protiv-nasilja\/\">Sportom protiv nasilja!<\/a>\r\n            <\/div>\r\n    <div class=\"element element_2  excerpt \">\r\n        Kao dio projekta odobren od Ministarstva turizma i sporta kyokushin karate klub \u201eDugo Selo\u201c je uz pomo\u0107 taekwondo kluba \u201eDugo            <\/div>\r\n            <a class=\"element element_3  read_more \"\r\n            target=\"\"\r\n            href=\"https:\/\/kyokushinds.hr\/index.php\/2025\/10\/25\/sportom-protiv-nasilja\/\"><\/a>\r\n      <\/div>\n    <\/div>\n  <\/div><div class=\"item item-1120 skin flat even 6 \">\n        <div class=\"layer-wrapper layout-\">\n        <div class=\"layer-media\"><\/div>\n  <div class=\"layer-content\">\n        <div\r\n        class=\"element element_0  element-media \">\r\n        <a target=\"_self\" href=\"https:\/\/kyokushinds.hr\/index.php\/2025\/10\/19\/rakurai-cup-madarska\/\"><img loading=\"lazy\" decoding=\"async\" width=\"980\" height=\"729\" src=\"https:\/\/kyokushinds.hr\/wp-content\/uploads\/2025\/10\/Cijeli-tim-1024x762.jpeg\" class=\"attachment-large size-large wp-post-image\" alt=\"\" \/><\/a>    <\/div>\r\n    <div class=\"element element_1  title_link \">\r\n                    <a target=\"\"\r\n                href=\"https:\/\/kyokushinds.hr\/index.php\/2025\/10\/19\/rakurai-cup-madarska\/\">&#8220;RAKURAI CUP&#8221; Ma\u0111arska<\/a>\r\n            <\/div>\r\n    <div class=\"element element_2  excerpt \">\r\n        Dana 19. listopada 2025. godine odr\u017eao se ,,RAKURAI CUP\u201d u Repcelaku, u Ma\u0111arskoj. Na natjecanju je nastupilo oko 480 natjecatelja            <\/div>\r\n            <a class=\"element element_3  read_more \"\r\n            target=\"\"\r\n            href=\"https:\/\/kyokushinds.hr\/index.php\/2025\/10\/19\/rakurai-cup-madarska\/\"><\/a>\r\n      <\/div>\n    <\/div>\n  <\/div><div class=\"item item-1105 skin flat odd 7 \">\n        <div class=\"layer-wrapper layout-\">\n        <div class=\"layer-media\"><\/div>\n  <div class=\"layer-content\">\n        <div\r\n        class=\"element element_0  element-media \">\r\n        <a target=\"_self\" href=\"https:\/\/kyokushinds.hr\/index.php\/2025\/10\/11\/shinkyokushin-kup-kutina-2025\/\"><img loading=\"lazy\" decoding=\"async\" width=\"980\" height=\"735\" src=\"https:\/\/kyokushinds.hr\/wp-content\/uploads\/2025\/10\/WhatsApp-Image-2025-10-12-at-13.06.59-1024x768.jpeg\" class=\"attachment-large size-large wp-post-image\" alt=\"\" \/><\/a>    <\/div>\r\n    <div class=\"element element_1  title_link \">\r\n                    <a target=\"\"\r\n                href=\"https:\/\/kyokushinds.hr\/index.php\/2025\/10\/11\/shinkyokushin-kup-kutina-2025\/\">Shinkyokushin KUP Kutina 2025.<\/a>\r\n            <\/div>\r\n    <div class=\"element element_2  excerpt \">\r\n        Dana 11. listopada 2025. godine u organizaciji Karate kluba ,,Moslavina\u201d odr\u017eao se ,,SHINKYOKUSHIN KUP KUTINA\u201d u Kutini. Na turniru je            <\/div>\r\n            <a class=\"element element_3  read_more \"\r\n            target=\"\"\r\n            href=\"https:\/\/kyokushinds.hr\/index.php\/2025\/10\/11\/shinkyokushin-kup-kutina-2025\/\"><\/a>\r\n      <\/div>\n    <\/div>\n  <\/div><div class=\"item item-1108 skin flat even 8 \">\n        <div class=\"layer-wrapper layout-\">\n        <div class=\"layer-media\"><\/div>\n  <div class=\"layer-content\">\n        <div\r\n        class=\"element element_0  element-media \">\r\n        <a target=\"_self\" href=\"https:\/\/kyokushinds.hr\/index.php\/2025\/09\/27\/europsko-prvenstvo\/\"><img loading=\"lazy\" decoding=\"async\" width=\"793\" height=\"1024\" src=\"https:\/\/kyokushinds.hr\/wp-content\/uploads\/2025\/10\/WhatsApp-Image-2025-10-12-at-13.09.33-1-793x1024.jpeg\" class=\"attachment-large size-large wp-post-image\" alt=\"\" \/><\/a>    <\/div>\r\n    <div class=\"element element_1  title_link \">\r\n                    <a target=\"\"\r\n                href=\"https:\/\/kyokushinds.hr\/index.php\/2025\/09\/27\/europsko-prvenstvo\/\">Europsko prvenstvo<\/a>\r\n            <\/div>\r\n    <div class=\"element element_2  excerpt \">\r\n        U subotu 27. rujna 2025. godine odr\u017eano je Europsko prvenstvo u Debrecenu u Ma\u0111arskoj na kojem je sudjelovalo oko 470            <\/div>\r\n            <a class=\"element element_3  read_more \"\r\n            target=\"\"\r\n            href=\"https:\/\/kyokushinds.hr\/index.php\/2025\/09\/27\/europsko-prvenstvo\/\"><\/a>\r\n      <\/div>\n    <\/div>\n  <\/div><div class=\"item item-934 skin flat odd 9 \">\n        <div class=\"layer-wrapper layout-\">\n        <div class=\"layer-media\"><\/div>\n  <div class=\"layer-content\">\n        <div\r\n        class=\"element element_0  element-media \">\r\n        <a target=\"_self\" href=\"https:\/\/kyokushinds.hr\/index.php\/2025\/05\/24\/30-jubilarni-cup-dugo-selo-2025\/\"><img loading=\"lazy\" decoding=\"async\" width=\"980\" height=\"652\" src=\"https:\/\/kyokushinds.hr\/wp-content\/uploads\/2025\/05\/NZ69714--1024x681.jpg\" class=\"attachment-large size-large wp-post-image\" alt=\"\" \/><\/a>    <\/div>\r\n    <div class=\"element element_1  title_link \">\r\n                    <a target=\"\"\r\n                href=\"https:\/\/kyokushinds.hr\/index.php\/2025\/05\/24\/30-jubilarni-cup-dugo-selo-2025\/\">30. jubilarni &#8220;CUP DUGO SELO&#8221; 2025.<\/a>\r\n            <\/div>\r\n    <div class=\"element element_2  excerpt \">\r\n        U subotu, 24. svibnja 2025. u organizaciji na\u0161eg kluba odr\u017ean je 30. jubilarni Kyokushin karate \u201eCUP DUGO SELO\u201d u Gradskoj            <\/div>\r\n            <a class=\"element element_3  read_more \"\r\n            target=\"\"\r\n            href=\"https:\/\/kyokushinds.hr\/index.php\/2025\/05\/24\/30-jubilarni-cup-dugo-selo-2025\/\"><\/a>\r\n      <\/div>\n    <\/div>\n  <\/div>    <\/div>\n    <div class=\"pagination\">\n      <div class=\"paginate\">\n    <span aria-current=\"page\" class=\"page-numbers current\">1<\/span>\n<a class=\"page-numbers\" href=\"https:\/\/kyokushinds.hr\/index.php\/wp-json\/wp\/v2\/pages\/79\/page\/2\/\">2<\/a>\n<a class=\"page-numbers\" href=\"https:\/\/kyokushinds.hr\/index.php\/wp-json\/wp\/v2\/pages\/79\/page\/3\/\">3<\/a>\n<a class=\"page-numbers\" href=\"https:\/\/kyokushinds.hr\/index.php\/wp-json\/wp\/v2\/pages\/79\/page\/4\/\">4<\/a>\n<a class=\"next page-numbers\" href=\"https:\/\/kyokushinds.hr\/index.php\/wp-json\/wp\/v2\/pages\/79\/page\/2\/\">Next \u00bb<\/a>  <\/div>\n  <style type=\"text\/css\">\n    #post-grid-311 .pagination .page-numbers {\n      font-size: 16px;\n      color: #fff;\n      background: #646464;\n    }\n\n    #post-grid-311 .pagination .page-numbers:hover,\n    #post-grid-311 .pagination .page-numbers.current {\n      background: #4b4b4b;\n    }\n  <\/style>\n  <\/div>\n      <script>\n          <\/script>\n    <style type=\"text\/css\">\n    #post-grid-311 .element_0 {\n      display: block;font-size: 21px;line-height: normal;padding: 5px 10px;text-align: left; text-decoration: none;    }\n\n    #post-grid-311 .element_1 {\n      display: block;font-size: 21px;line-height: normal;padding: 5px 10px;text-align: left; text-decoration: none;    }\n\n    #post-grid-311 .element_2 {\n      display: block;font-size: 14px;padding: 5px 10px;text-align: left;    }\n\n    #post-grid-311 .element_3 {\n      display: block;font-size: 12px;font-weight: bold;padding: 0 10px;text-align: left;text-decoration: none;    }\n\n    #post-grid-311 .element_0:hover{}#post-grid-311 .element_1:hover{}#post-grid-311 .element_2:hover{}#post-grid-311 .element_3:hover{}  <\/style>\n  <style type=\"text\/css\">\n    #post-grid-311 {\n          }\n\n    #post-grid-311 .item {\n      padding: 0px;\n      background: #fff;\n          }\n\n    #post-grid-311 .item .layer-media {\n      height:auto;    }\n\n    @media only screen and (min-width: 0px) and (max-width: 767px) {\n      #post-grid-311 .grid-items {\n        display: grid;\n        grid-template-columns: 1fr ;\n        column-gap: 10px;\n        row-gap: 10px;\n              }\n\n      #post-grid-311 .item {\n        height:auto;      }\n    }\n\n    @media only screen and (min-width: 768px) and (max-width: 1023px) {\n      #post-grid-311 .grid-items {\n        display: grid;\n        grid-template-columns: 1fr 1fr ;\n        column-gap: 10px;\n        row-gap: 10px;\n              }\n\n      #post-grid-311 .item {\n        max-height:auto;      }\n    }\n\n    @media only screen and (min-width: 1024px) {\n      #post-grid-311 .grid-items {\n        display: grid;\n        grid-template-columns: 1fr 1fr ;\n        column-gap: 10px;\n        row-gap: 10px;\n              }\n\n      #post-grid-311 .item {\n        height:auto;      }\n    }\n\n      <\/style>\n  <\/div>\n\n","protected":false},"excerpt":{"rendered":"","protected":false},"author":1,"featured_media":0,"parent":0,"menu_order":0,"comment_status":"closed","ping_status":"closed","template":"","meta":{"ngg_post_thumbnail":0,"footnotes":""},"class_list":["post-79","page","type-page","status-publish","hentry"],"jetpack_sharing_enabled":true,"_links":{"self":[{"href":"https:\/\/kyokushinds.hr\/index.php\/wp-json\/wp\/v2\/pages\/79","targetHints":{"allow":["GET"]}}],"collection":[{"href":"https:\/\/kyokushinds.hr\/index.php\/wp-json\/wp\/v2\/pages"}],"about":[{"href":"https:\/\/kyokushinds.hr\/index.php\/wp-json\/wp\/v2\/types\/page"}],"author":[{"embeddable":true,"href":"https:\/\/kyokushinds.hr\/index.php\/wp-json\/wp\/v2\/users\/1"}],"replies":[{"embeddable":true,"href":"https:\/\/kyokushinds.hr\/index.php\/wp-json\/wp\/v2\/comments?post=79"}],"version-history":[{"count":11,"href":"https:\/\/kyokushinds.hr\/index.php\/wp-json\/wp\/v2\/pages\/79\/revisions"}],"predecessor-version":[{"id":313,"href":"https:\/\/kyokushinds.hr\/index.php\/wp-json\/wp\/v2\/pages\/79\/revisions\/313"}],"wp:attachment":[{"href":"https:\/\/kyokushinds.hr\/index.php\/wp-json\/wp\/v2\/media?parent=79"}],"curies":[{"name":"wp","href":"https:\/\/api.w.org\/{rel}","templated":true}]}}