{"id":86,"date":"2023-06-05T12:37:11","date_gmt":"2023-06-05T10:37:11","guid":{"rendered":"http:\/\/kyokushinds.hr\/?page_id=86"},"modified":"2023-09-28T10:00:38","modified_gmt":"2023-09-28T08:00:38","slug":"dodjele-nagrada","status":"publish","type":"page","link":"https:\/\/kyokushinds.hr\/index.php\/dodjele-nagrada\/","title":{"rendered":"Dodjele nagrada"},"content":{"rendered":"\n<div class=\"wp-block-group\"><div class=\"wp-block-group__inner-container is-layout-constrained wp-block-group-is-layout-constrained\"><ul class=\"wp-block-latest-posts__list has-dates wp-block-latest-posts\"><li><div class=\"wp-block-latest-posts__featured-image\"><a href=\"https:\/\/kyokushinds.hr\/index.php\/2026\/02\/27\/izbor-najboljih-u-sportu-zsuis-zagrebacke-zupanije-za-2025-godinu\/\" aria-label=\"Izbor najboljih u sportu ZSUIS Zagreba\u010dke \u017eupanije za 2025. godinu\"><img loading=\"lazy\" decoding=\"async\" width=\"980\" height=\"567\" src=\"https:\/\/kyokushinds.hr\/wp-content\/uploads\/2026\/03\/IMG-20260227-WA0096-e1772440748951-1024x592.jpg\" class=\"attachment-large size-large wp-post-image\" alt=\"\" style=\"max-width:768px;max-height:768px;\" srcset=\"https:\/\/kyokushinds.hr\/wp-content\/uploads\/2026\/03\/IMG-20260227-WA0096-e1772440748951-1024x592.jpg 1024w, https:\/\/kyokushinds.hr\/wp-content\/uploads\/2026\/03\/IMG-20260227-WA0096-e1772440748951-300x173.jpg 300w, https:\/\/kyokushinds.hr\/wp-content\/uploads\/2026\/03\/IMG-20260227-WA0096-e1772440748951-768x444.jpg 768w, https:\/\/kyokushinds.hr\/wp-content\/uploads\/2026\/03\/IMG-20260227-WA0096-e1772440748951.jpg 1152w\" sizes=\"auto, (max-width: 980px) 100vw, 980px\" \/><\/a><\/div><a class=\"wp-block-latest-posts__post-title\" href=\"https:\/\/kyokushinds.hr\/index.php\/2026\/02\/27\/izbor-najboljih-u-sportu-zsuis-zagrebacke-zupanije-za-2025-godinu\/\">Izbor najboljih u sportu ZSUIS Zagreba\u010dke \u017eupanije za 2025. godinu<\/a><time datetime=\"2026-02-27T22:37:00+01:00\" class=\"wp-block-latest-posts__post-date\">27. velja\u010de 2026.<\/time><div class=\"wp-block-latest-posts__post-excerpt\">U petak, 27.02.2026. godine, Zajednica \u0161portskih udruga i saveza Zagreba\u010dke \u017eupanije na tradicionalnoj priredbi progla\u0161enja najboljih u sportuZagreba\u010dke \u017eupanije, u Vrbovcu, proglasila je najbolje sporta\u0161e u 2025.godini, a me\u0111u laureatima bili su i \u010dlanovi kyokushin karate kluba \u201eDugoSelo\u201c.Z\u0160UIS Zagreba\u010dke \u017dupanije okuplja oko 750 klubova, preko 1500djelatnika i preko 20000 aktivnih sporta\u0161a.Paola Budek i Juraj Kramer\u2026 <a class=\"wp-block-latest-posts__read-more\" href=\"https:\/\/kyokushinds.hr\/index.php\/2026\/02\/27\/izbor-najboljih-u-sportu-zsuis-zagrebacke-zupanije-za-2025-godinu\/\" rel=\"noopener noreferrer\">Pro\u010ditaj vi\u0161e<span class=\"screen-reader-text\">: Izbor najboljih u sportu ZSUIS Zagreba\u010dke \u017eupanije za 2025. godinu<\/span><\/a><\/div><\/li>\n<li><div class=\"wp-block-latest-posts__featured-image\"><a href=\"https:\/\/kyokushinds.hr\/index.php\/2026\/02\/20\/najbolji-u-sportu-u-dugom-selu-za-2025\/\" aria-label=\"Najbolji u sportu u Dugom Selu za 2025.\"><img loading=\"lazy\" decoding=\"async\" width=\"980\" height=\"537\" src=\"https:\/\/kyokushinds.hr\/wp-content\/uploads\/2026\/03\/IMG-20260220-WA0014-e1772440134753-1024x561.jpg\" class=\"attachment-large size-large wp-post-image\" alt=\"\" style=\"max-width:768px;max-height:768px;\" srcset=\"https:\/\/kyokushinds.hr\/wp-content\/uploads\/2026\/03\/IMG-20260220-WA0014-e1772440134753-1024x561.jpg 1024w, https:\/\/kyokushinds.hr\/wp-content\/uploads\/2026\/03\/IMG-20260220-WA0014-e1772440134753-300x164.jpg 300w, https:\/\/kyokushinds.hr\/wp-content\/uploads\/2026\/03\/IMG-20260220-WA0014-e1772440134753-768x421.jpg 768w, https:\/\/kyokushinds.hr\/wp-content\/uploads\/2026\/03\/IMG-20260220-WA0014-e1772440134753-1536x842.jpg 1536w, https:\/\/kyokushinds.hr\/wp-content\/uploads\/2026\/03\/IMG-20260220-WA0014-e1772440134753.jpg 1664w\" sizes=\"auto, (max-width: 980px) 100vw, 980px\" \/><\/a><\/div><a class=\"wp-block-latest-posts__post-title\" href=\"https:\/\/kyokushinds.hr\/index.php\/2026\/02\/20\/najbolji-u-sportu-u-dugom-selu-za-2025\/\">Najbolji u sportu u Dugom Selu za 2025.<\/a><time datetime=\"2026-02-20T22:27:00+01:00\" class=\"wp-block-latest-posts__post-date\">20. velja\u010de 2026.<\/time><div class=\"wp-block-latest-posts__post-excerpt\">U petak 20. velja\u010de 2026. godine odr\u017eana je sve\u010dana dodjela nagrada za najbolje u sportu u Dugom Selu za 2025., a me\u0111u laureatima bili su i \u010dlanovi na\u0161ega kluba! Eva Jegjud, Ana Dukovi\u0107, Leona Doku\u0161, Mihael Krpan, Dario Sa\u0107er i Niko Anti\u0107 progla\u0161eni su sportskim nadama grada Dugog Sela, a Paola Budek, Helena Marelja, Sofija\u2026 <a class=\"wp-block-latest-posts__read-more\" href=\"https:\/\/kyokushinds.hr\/index.php\/2026\/02\/20\/najbolji-u-sportu-u-dugom-selu-za-2025\/\" rel=\"noopener noreferrer\">Pro\u010ditaj vi\u0161e<span class=\"screen-reader-text\">: Najbolji u sportu u Dugom Selu za 2025.<\/span><\/a><\/div><\/li>\n<li><div class=\"wp-block-latest-posts__featured-image\"><a href=\"https:\/\/kyokushinds.hr\/index.php\/2025\/04\/11\/nagrade-za-najbolje-u-sportu-dugog-sela-za-2024\/\" aria-label=\"Nagrade za najbolje u sportu Dugog Sela za 2024.\"><img loading=\"lazy\" decoding=\"async\" width=\"980\" height=\"735\" src=\"https:\/\/kyokushinds.hr\/wp-content\/uploads\/2025\/04\/WhatsApp-Image-2025-04-12-at-21.23.25-1024x768.jpeg\" class=\"attachment-large size-large wp-post-image\" alt=\"\" style=\"max-width:768px;max-height:768px;\" srcset=\"https:\/\/kyokushinds.hr\/wp-content\/uploads\/2025\/04\/WhatsApp-Image-2025-04-12-at-21.23.25-1024x768.jpeg 1024w, https:\/\/kyokushinds.hr\/wp-content\/uploads\/2025\/04\/WhatsApp-Image-2025-04-12-at-21.23.25-300x225.jpeg 300w, https:\/\/kyokushinds.hr\/wp-content\/uploads\/2025\/04\/WhatsApp-Image-2025-04-12-at-21.23.25-768x576.jpeg 768w, https:\/\/kyokushinds.hr\/wp-content\/uploads\/2025\/04\/WhatsApp-Image-2025-04-12-at-21.23.25-1536x1152.jpeg 1536w, https:\/\/kyokushinds.hr\/wp-content\/uploads\/2025\/04\/WhatsApp-Image-2025-04-12-at-21.23.25.jpeg 2000w\" sizes=\"auto, (max-width: 980px) 100vw, 980px\" \/><\/a><\/div><a class=\"wp-block-latest-posts__post-title\" href=\"https:\/\/kyokushinds.hr\/index.php\/2025\/04\/11\/nagrade-za-najbolje-u-sportu-dugog-sela-za-2024\/\">Nagrade za najbolje u sportu Dugog Sela za 2024.<\/a><time datetime=\"2025-04-11T22:53:00+02:00\" class=\"wp-block-latest-posts__post-date\">11. travnja 2025.<\/time><div class=\"wp-block-latest-posts__post-excerpt\">U petak, 11. travnja 2025. odr\u017eana je dodjela nagrada za najbolje u sportu u Dugom Selu, a me\u0111u laureatima bili su i \u010dlanovi na\u0161ega kluba! Sofija Marelja, Zora Gea \u0160turm, Lana Sa\u0107er, Mihael Krpan, Dario Sa\u0107er i Niko Anti\u0107 progla\u0161eni su sportskim nadama grada Dugog Sela, a Leona Doku\u0161, Paola Budek, Helena Marelja, Eva Jegjud\u2026 <a class=\"wp-block-latest-posts__read-more\" href=\"https:\/\/kyokushinds.hr\/index.php\/2025\/04\/11\/nagrade-za-najbolje-u-sportu-dugog-sela-za-2024\/\" rel=\"noopener noreferrer\">Pro\u010ditaj vi\u0161e<span class=\"screen-reader-text\">: Nagrade za najbolje u sportu Dugog Sela za 2024.<\/span><\/a><\/div><\/li>\n<li><div class=\"wp-block-latest-posts__featured-image\"><a href=\"https:\/\/kyokushinds.hr\/index.php\/2025\/04\/04\/izbor-najboljih-u-sportu-zsuis-zagrebacke-zupanije-za-2024\/\" aria-label=\"Izbor najboljih u sportu ZSUIS Zagreba\u010dke \u017eupanije za 2024.\"><img loading=\"lazy\" decoding=\"async\" width=\"980\" height=\"551\" src=\"https:\/\/kyokushinds.hr\/wp-content\/uploads\/2025\/04\/IMG-20250407-WA0026-1024x576.jpg\" class=\"attachment-large size-large wp-post-image\" alt=\"\" style=\"max-width:768px;max-height:768px;\" srcset=\"https:\/\/kyokushinds.hr\/wp-content\/uploads\/2025\/04\/IMG-20250407-WA0026-1024x576.jpg 1024w, https:\/\/kyokushinds.hr\/wp-content\/uploads\/2025\/04\/IMG-20250407-WA0026-300x169.jpg 300w, https:\/\/kyokushinds.hr\/wp-content\/uploads\/2025\/04\/IMG-20250407-WA0026-768x432.jpg 768w, https:\/\/kyokushinds.hr\/wp-content\/uploads\/2025\/04\/IMG-20250407-WA0026-1536x864.jpg 1536w, https:\/\/kyokushinds.hr\/wp-content\/uploads\/2025\/04\/IMG-20250407-WA0026.jpg 1600w\" sizes=\"auto, (max-width: 980px) 100vw, 980px\" \/><\/a><\/div><a class=\"wp-block-latest-posts__post-title\" href=\"https:\/\/kyokushinds.hr\/index.php\/2025\/04\/04\/izbor-najboljih-u-sportu-zsuis-zagrebacke-zupanije-za-2024\/\">Izbor najboljih u sportu ZSUIS Zagreba\u010dke \u017eupanije za 2024.<\/a><time datetime=\"2025-04-04T22:52:00+02:00\" class=\"wp-block-latest-posts__post-date\">4. travnja 2025.<\/time><div class=\"wp-block-latest-posts__post-excerpt\">U petak, 04. travnja 2025., Zajednica \u0161portskih udruga i saveza Zagreba\u010dke \u017eupanije na tradicionalnoj priredbi progla\u0161enja najboljih u sportu Zagreba\u010dke \u017eupanije, u Rugvici, proglasila je najbolje sporta\u0161e u 2024. godini, a me\u0111u laureatima bila je i na\u0161a \u010dlanica, Paola Budek. Paola je osvojila nagradu kao sportska nada do 15 godina. Paoli su u tijeku pripreme\u2026 <a class=\"wp-block-latest-posts__read-more\" href=\"https:\/\/kyokushinds.hr\/index.php\/2025\/04\/04\/izbor-najboljih-u-sportu-zsuis-zagrebacke-zupanije-za-2024\/\" rel=\"noopener noreferrer\">Pro\u010ditaj vi\u0161e<span class=\"screen-reader-text\">: Izbor najboljih u sportu ZSUIS Zagreba\u010dke \u017eupanije za 2024.<\/span><\/a><\/div><\/li>\n<li><div class=\"wp-block-latest-posts__featured-image\"><a href=\"https:\/\/kyokushinds.hr\/index.php\/2024\/06\/06\/izbor-sportasa-godine-grada-dugog-sela\/\" aria-label=\"Izbor sporta\u0161a godine grada Dugog Sela\"><img loading=\"lazy\" decoding=\"async\" width=\"980\" height=\"551\" src=\"https:\/\/kyokushinds.hr\/wp-content\/uploads\/2024\/06\/IMG-20240606-WA0001-1024x576.jpg\" class=\"attachment-large size-large wp-post-image\" alt=\"\" style=\"max-width:768px;max-height:768px;\" srcset=\"https:\/\/kyokushinds.hr\/wp-content\/uploads\/2024\/06\/IMG-20240606-WA0001-1024x576.jpg 1024w, https:\/\/kyokushinds.hr\/wp-content\/uploads\/2024\/06\/IMG-20240606-WA0001-300x169.jpg 300w, https:\/\/kyokushinds.hr\/wp-content\/uploads\/2024\/06\/IMG-20240606-WA0001-768x432.jpg 768w, https:\/\/kyokushinds.hr\/wp-content\/uploads\/2024\/06\/IMG-20240606-WA0001-1536x864.jpg 1536w, https:\/\/kyokushinds.hr\/wp-content\/uploads\/2024\/06\/IMG-20240606-WA0001.jpg 1600w\" sizes=\"auto, (max-width: 980px) 100vw, 980px\" \/><\/a><\/div><a class=\"wp-block-latest-posts__post-title\" href=\"https:\/\/kyokushinds.hr\/index.php\/2024\/06\/06\/izbor-sportasa-godine-grada-dugog-sela\/\">Izbor sporta\u0161a godine grada Dugog Sela<\/a><time datetime=\"2024-06-06T20:32:00+02:00\" class=\"wp-block-latest-posts__post-date\">6. lipnja 2024.<\/time><div class=\"wp-block-latest-posts__post-excerpt\">6. lipnja 2024. godine odr\u017eana je dodjela nagrada za najbolje u sportu u Dugom Selu za 2023. godinu, a me\u0111u laureatima bili su i \u010dlanovi na\u0161ega kluba! Eva Jegjud, Ana Dukovi\u0107 i Juraj Kramer progla\u0161eni su sportskim nadama grada Dugog Sela. Helena Marelja, Roko Belegi\u0107, Leona Doku\u0161 i Paola Budek progla\u0161eni su najboljim sporta\u0161ima grada\u2026 <a class=\"wp-block-latest-posts__read-more\" href=\"https:\/\/kyokushinds.hr\/index.php\/2024\/06\/06\/izbor-sportasa-godine-grada-dugog-sela\/\" rel=\"noopener noreferrer\">Pro\u010ditaj vi\u0161e<span class=\"screen-reader-text\">: Izbor sporta\u0161a godine grada Dugog Sela<\/span><\/a><\/div><\/li>\n<\/ul><\/div><\/div>\n","protected":false},"excerpt":{"rendered":"","protected":false},"author":1,"featured_media":0,"parent":0,"menu_order":0,"comment_status":"closed","ping_status":"closed","template":"","meta":{"ngg_post_thumbnail":0,"footnotes":""},"class_list":["post-86","page","type-page","status-publish","hentry"],"jetpack_sharing_enabled":true,"_links":{"self":[{"href":"https:\/\/kyokushinds.hr\/index.php\/wp-json\/wp\/v2\/pages\/86","targetHints":{"allow":["GET"]}}],"collection":[{"href":"https:\/\/kyokushinds.hr\/index.php\/wp-json\/wp\/v2\/pages"}],"about":[{"href":"https:\/\/kyokushinds.hr\/index.php\/wp-json\/wp\/v2\/types\/page"}],"author":[{"embeddable":true,"href":"https:\/\/kyokushinds.hr\/index.php\/wp-json\/wp\/v2\/users\/1"}],"replies":[{"embeddable":true,"href":"https:\/\/kyokushinds.hr\/index.php\/wp-json\/wp\/v2\/comments?post=86"}],"version-history":[{"count":4,"href":"https:\/\/kyokushinds.hr\/index.php\/wp-json\/wp\/v2\/pages\/86\/revisions"}],"predecessor-version":[{"id":539,"href":"https:\/\/kyokushinds.hr\/index.php\/wp-json\/wp\/v2\/pages\/86\/revisions\/539"}],"wp:attachment":[{"href":"https:\/\/kyokushinds.hr\/index.php\/wp-json\/wp\/v2\/media?parent=86"}],"curies":[{"name":"wp","href":"https:\/\/api.w.org\/{rel}","templated":true}]}}